{"id":12,"date":"2020-05-24T23:27:14","date_gmt":"2020-05-24T23:27:14","guid":{"rendered":"https:\/\/cromosomos.com\/lojavirtual\/?page_id=12"},"modified":"2020-09-13T22:33:53","modified_gmt":"2020-09-13T22:33:53","slug":"cromosomos","status":"publish","type":"page","link":"https:\/\/cromosomos.com\/lojavirtual\/cromosomos\/","title":{"rendered":"Cromosomos"},"content":{"rendered":"\t\t<div data-elementor-type=\"wp-page\" data-elementor-id=\"12\" class=\"elementor elementor-12\" data-elementor-post-type=\"page\">\n\t\t\t\t\t\t<section class=\"elementor-section elementor-top-section elementor-element elementor-element-9aa02d7 elementor-section-boxed elementor-section-height-default elementor-section-height-default\" data-id=\"9aa02d7\" data-element_type=\"section\" data-e-type=\"section\">\n\t\t\t\t\t\t<div class=\"elementor-container elementor-column-gap-default\">\n\t\t\t\t\t<div class=\"elementor-column elementor-col-100 elementor-top-column elementor-element elementor-element-90a6055\" data-id=\"90a6055\" data-element_type=\"column\" data-e-type=\"column\">\n\t\t\t<div class=\"elementor-widget-wrap elementor-element-populated\">\n\t\t\t\t\t\t<div class=\"elementor-element elementor-element-ffed75c elementor-widget elementor-widget-spacer\" data-id=\"ffed75c\" data-element_type=\"widget\" data-e-type=\"widget\" data-widget_type=\"spacer.default\">\n\t\t\t\t<div class=\"elementor-widget-container\">\n\t\t\t\t\t\t\t<div class=\"elementor-spacer\">\n\t\t\t<div class=\"elementor-spacer-inner\"><\/div>\n\t\t<\/div>\n\t\t\t\t\t\t<\/div>\n\t\t\t\t<\/div>\n\t\t\t\t\t<\/div>\n\t\t<\/div>\n\t\t\t\t\t<\/div>\n\t\t<\/section>\n\t\t\t\t<section class=\"elementor-section elementor-top-section elementor-element elementor-element-404ea2e elementor-section-boxed elementor-section-height-default elementor-section-height-default\" data-id=\"404ea2e\" data-element_type=\"section\" data-e-type=\"section\">\n\t\t\t\t\t\t<div class=\"elementor-container elementor-column-gap-default\">\n\t\t\t\t\t<div class=\"elementor-column elementor-col-100 elementor-top-column elementor-element elementor-element-c29cf64\" data-id=\"c29cf64\" data-element_type=\"column\" data-e-type=\"column\">\n\t\t\t<div class=\"elementor-widget-wrap elementor-element-populated\">\n\t\t\t\t\t\t<div class=\"elementor-element elementor-element-0ea5ef1 elementor-widget elementor-widget-text-editor\" data-id=\"0ea5ef1\" data-element_type=\"widget\" data-e-type=\"widget\" data-widget_type=\"text-editor.default\">\n\t\t\t\t<div class=\"elementor-widget-container\">\n\t\t\t\t\t\t\t\t\t<p><b>AMPLAMENTE CONFORT\u00c1VEL<\/b><\/p><p>A CROMOSOMOS \u00e9 uma marca carioca slow fashion e ag\u00eanero\u00a0\u00a0<br \/><span style=\"font-size: 14px; color: var( --e-global-color-text );\">concebida pelo estilista e designer gr\u00e1fico mineiro\u00a0<\/span><span style=\"font-size: 14px; color: var( --e-global-color-text );\">Alissandro Lee.<\/span><\/p><p>Amplitude e conforto s\u00e3o os motes das cria\u00e7\u00f5es.<\/p><p>As pe\u00e7as s\u00e3o, em sua maioria, multipe\u00e7as, ou seja,<br \/><span style=\"font-size: 14px; color: var( --e-global-color-text );\">permitem v\u00e1rias possibilidades de uso, t\u00eam a moulage<br \/><\/span><span style=\"font-size: 14px; color: var( --e-global-color-text );\">como um dos elementos marcantes do seu\u00a0<\/span><span style=\"font-size: 14px; color: var( --e-global-color-text );\">DNA <br \/>e uma das caracter\u00edsticas principais de suas\u00a0<br \/><\/span><span style=\"font-size: 14px; color: var( --e-global-color-text );\">cria\u00e7\u00f5es, onde se aplica at\u00e9 mesmo em alfaiataria\u00a0<br \/><\/span><span style=\"font-size: 14px; color: var( --e-global-color-text );\">trazendo resultados surpreendentes.<\/span><\/p><p>Com pe\u00e7as neutras ou mega coloridas em malha,\u00a0<br \/><span style=\"font-size: 14px; color: var( --e-global-color-text );\">em viscose, em moletinho e em neoprene, em tyvek, <br \/>linho\u00a0<\/span><span style=\"font-size: 14px; color: var( --e-global-color-text );\">entre tantos outros tecidos, a Cromossomos traz frescor\u00a0<br \/><\/span><span style=\"font-size: 14px; color: var( --e-global-color-text );\">e questiona os padr\u00f5es vigentes de uma forma leve,\u00a0<br \/><\/span><span style=\"font-size: 14px; color: var( --e-global-color-text );\">despretensioso e libert\u00e1ria.<\/span><\/p>\t\t\t\t\t\t\t\t<\/div>\n\t\t\t\t<\/div>\n\t\t\t\t\t<\/div>\n\t\t<\/div>\n\t\t\t\t\t<\/div>\n\t\t<\/section>\n\t\t\t\t<section class=\"elementor-section elementor-top-section elementor-element elementor-element-a2f5933 elementor-section-boxed elementor-section-height-default elementor-section-height-default\" data-id=\"a2f5933\" data-element_type=\"section\" data-e-type=\"section\">\n\t\t\t\t\t\t<div class=\"elementor-container elementor-column-gap-default\">\n\t\t\t\t\t<div class=\"elementor-column elementor-col-100 elementor-top-column elementor-element elementor-element-f1993ca\" data-id=\"f1993ca\" data-element_type=\"column\" data-e-type=\"column\">\n\t\t\t<div class=\"elementor-widget-wrap elementor-element-populated\">\n\t\t\t\t\t\t<div class=\"elementor-element elementor-element-88f9efb elementor-widget elementor-widget-gallery\" data-id=\"88f9efb\" data-element_type=\"widget\" data-e-type=\"widget\" data-settings=\"{&quot;gallery_layout&quot;:&quot;justified&quot;,&quot;ideal_row_height&quot;:{&quot;unit&quot;:&quot;px&quot;,&quot;size&quot;:54,&quot;sizes&quot;:[]},&quot;gap&quot;:{&quot;unit&quot;:&quot;px&quot;,&quot;size&quot;:2,&quot;sizes&quot;:[]},&quot;lazyload&quot;:&quot;yes&quot;,&quot;ideal_row_height_tablet&quot;:{&quot;unit&quot;:&quot;px&quot;,&quot;size&quot;:150,&quot;sizes&quot;:[]},&quot;ideal_row_height_mobile&quot;:{&quot;unit&quot;:&quot;px&quot;,&quot;size&quot;:150,&quot;sizes&quot;:[]},&quot;gap_tablet&quot;:{&quot;unit&quot;:&quot;px&quot;,&quot;size&quot;:10,&quot;sizes&quot;:[]},&quot;gap_mobile&quot;:{&quot;unit&quot;:&quot;px&quot;,&quot;size&quot;:10,&quot;sizes&quot;:[]},&quot;link_to&quot;:&quot;file&quot;,&quot;overlay_background&quot;:&quot;yes&quot;,&quot;content_hover_animation&quot;:&quot;fade-in&quot;}\" data-widget_type=\"gallery.default\">\n\t\t\t\t<div class=\"elementor-widget-container\">\n\t\t\t\t\t\t\t<div class=\"elementor-gallery__container\">\n\t\t\t\t\t\t\t<a class=\"e-gallery-item elementor-gallery-item elementor-animated-content\" href=\"https:\/\/cromosomos.com\/lojavirtual\/wp-content\/uploads\/2020\/05\/logo.png\" data-elementor-open-lightbox=\"yes\" data-elementor-lightbox-slideshow=\"88f9efb\" data-elementor-lightbox-title=\"Cromosomos\" data-e-action-hash=\"#elementor-action%3Aaction%3Dlightbox%26settings%3DeyJpZCI6NzUsInVybCI6Imh0dHBzOlwvXC9jcm9tb3NvbW9zLmNvbVwvbG9qYXZpcnR1YWxcL3dwLWNvbnRlbnRcL3VwbG9hZHNcLzIwMjBcLzA1XC9sb2dvLnBuZyIsInNsaWRlc2hvdyI6Ijg4ZjllZmIifQ%3D%3D\">\n\t\t\t\t\t<div class=\"e-gallery-image elementor-gallery-item__image\" data-thumbnail=\"https:\/\/cromosomos.com\/lojavirtual\/wp-content\/uploads\/2020\/05\/logo.png\" data-width=\"217\" data-height=\"36\" aria-label=\"Cromosomos\" role=\"img\" ><\/div>\n\t\t\t\t\t\t\t\t\t\t\t<div class=\"elementor-gallery-item__overlay\"><\/div>\n\t\t\t\t\t\t\t\t\t\t\t\t\t\t<\/a>\n\t\t\t\t\t<\/div>\n\t\t\t\t\t<\/div>\n\t\t\t\t<\/div>\n\t\t\t\t\t<\/div>\n\t\t<\/div>\n\t\t\t\t\t<\/div>\n\t\t<\/section>\n\t\t\t\t<section class=\"elementor-section elementor-top-section elementor-element elementor-element-39287ba elementor-section-boxed elementor-section-height-default elementor-section-height-default\" data-id=\"39287ba\" data-element_type=\"section\" data-e-type=\"section\">\n\t\t\t\t\t\t<div class=\"elementor-container elementor-column-gap-default\">\n\t\t\t\t\t<div class=\"elementor-column elementor-col-100 elementor-top-column elementor-element elementor-element-828bb91\" data-id=\"828bb91\" data-element_type=\"column\" data-e-type=\"column\">\n\t\t\t<div class=\"elementor-widget-wrap elementor-element-populated\">\n\t\t\t\t\t\t<div class=\"elementor-element elementor-element-db48f4c elementor-widget elementor-widget-wp-widget-nav_menu\" data-id=\"db48f4c\" data-element_type=\"widget\" data-e-type=\"widget\" data-widget_type=\"wp-widget-nav_menu.default\">\n\t\t\t\t<div class=\"elementor-widget-container\">\n\t\t\t\t\t<h5>Continue navegando<\/h5><div class=\"menu-menu-principal-container\"><ul id=\"menu-menu-principal\" class=\"menu\"><li id=\"menu-item-1392\" class=\"menu-item menu-item-type-custom menu-item-object-custom menu-item-1392\"><a href=\"https:\/\/cromosomos.com\/lojavirtual\/loja\">LOJA<\/a><\/li>\n<li id=\"menu-item-1502\" class=\"menu-item menu-item-type-custom menu-item-object-custom menu-item-has-children menu-item-1502\"><a href=\"https:\/\/cromosomos.com\/\">PRODUTOS<\/a>\n<ul class=\"sub-menu\">\n\t<li id=\"menu-item-1503\" class=\"menu-item menu-item-type-custom menu-item-object-custom menu-item-1503\"><a href=\"https:\/\/cromosomos.com\/lojavirtual\/acessorios\/\">ACESS\u00d3RIOS<\/a><\/li>\n\t<li id=\"menu-item-1504\" class=\"menu-item menu-item-type-custom menu-item-object-custom menu-item-1504\"><a href=\"https:\/\/cromosomos.com\/lojavirtual\/blusas\/\">BLUSAS<\/a><\/li>\n\t<li id=\"menu-item-1506\" class=\"menu-item menu-item-type-custom menu-item-object-custom menu-item-1506\"><a href=\"https:\/\/cromosomos.com\/lojavirtual\/casacos\/\">CASACOS<\/a><\/li>\n\t<li id=\"menu-item-1507\" class=\"menu-item menu-item-type-custom menu-item-object-custom menu-item-1507\"><a href=\"https:\/\/cromosomos.com\/lojavirtual\/coletes\/\">COLETES<\/a><\/li>\n\t<li id=\"menu-item-1508\" class=\"menu-item menu-item-type-custom menu-item-object-custom menu-item-1508\"><a href=\"https:\/\/cromosomos.com\/lojavirtual\/kimonos\/\">KIMONOS<\/a><\/li>\n\t<li id=\"menu-item-1509\" class=\"menu-item menu-item-type-custom menu-item-object-custom menu-item-1509\"><a href=\"https:\/\/cromosomos.com\/lojavirtual\/macacao\/\">MACAC\u00c3O<\/a><\/li>\n\t<li id=\"menu-item-1510\" class=\"menu-item menu-item-type-custom menu-item-object-custom menu-item-1510\"><a href=\"https:\/\/cromosomos.com\/lojavirtual\/saia\/\">SAIA<\/a><\/li>\n\t<li id=\"menu-item-1511\" class=\"menu-item menu-item-type-custom menu-item-object-custom menu-item-1511\"><a href=\"https:\/\/cromosomos.com\/lojavirtual\/vestidos\/\">VESTIDOS<\/a><\/li>\n<\/ul>\n<\/li>\n<li id=\"menu-item-115\" class=\"menu-item menu-item-type-post_type menu-item-object-page menu-item-115\"><a href=\"https:\/\/cromosomos.com\/lojavirtual\/minha-conta\/\">MINHA CONTA<\/a><\/li>\n<li id=\"menu-item-117\" class=\"menu-item menu-item-type-post_type menu-item-object-page menu-item-117\"><a href=\"https:\/\/cromosomos.com\/lojavirtual\/sacola\/\">SACOLA<\/a><\/li>\n<li id=\"menu-item-1489\" class=\"menu-item menu-item-type-post_type menu-item-object-page menu-item-1489\"><a href=\"https:\/\/cromosomos.com\/lojavirtual\/trocas-e-devolucoes\/\">POL\u00cdTICAS DE TROCAS<\/a><\/li>\n<li id=\"menu-item-1490\" class=\"menu-item menu-item-type-post_type menu-item-object-page menu-item-1490\"><a href=\"https:\/\/cromosomos.com\/lojavirtual\/cromosomos\/\">A MARCA<\/a><\/li>\n<li id=\"menu-item-1512\" class=\"menu-item menu-item-type-post_type menu-item-object-page menu-item-1512\"><a href=\"https:\/\/cromosomos.com\/lojavirtual\/contato\/\">CONTATO<\/a><\/li>\n<\/ul><\/div>\t\t\t\t<\/div>\n\t\t\t\t<\/div>\n\t\t\t\t\t<\/div>\n\t\t<\/div>\n\t\t\t\t\t<\/div>\n\t\t<\/section>\n\t\t\t\t<\/div>\n\t\t","protected":false},"excerpt":{"rendered":"<p>AMPLAMENTE CONFORT\u00c1VEL A CROMOSOMOS \u00e9 uma marca carioca slow fashion e ag\u00eanero\u00a0\u00a0concebida pelo estilista e designer gr\u00e1fico mineiro\u00a0Alissandro Lee. Amplitude e conforto s\u00e3o os motes das cria\u00e7\u00f5es. As pe\u00e7as s\u00e3o, em sua maioria, multipe\u00e7as, ou seja,permitem v\u00e1rias possibilidades de uso, t\u00eam a moulagecomo um dos elementos marcantes do seu\u00a0DNA e uma das caracter\u00edsticas principais de [&hellip;]<\/p>\n","protected":false},"author":1,"featured_media":0,"parent":0,"menu_order":0,"comment_status":"closed","ping_status":"closed","template":"","meta":{"_uag_custom_page_level_css":"","ocean_post_layout":"","ocean_both_sidebars_style":"","ocean_both_sidebars_content_width":0,"ocean_both_sidebars_sidebars_width":0,"ocean_sidebar":"0","ocean_second_sidebar":"0","ocean_disable_margins":"enable","ocean_add_body_class":"","ocean_shortcode_before_top_bar":"","ocean_shortcode_after_top_bar":"","ocean_shortcode_before_header":"","ocean_shortcode_after_header":"","ocean_has_shortcode":"","ocean_shortcode_after_title":"","ocean_shortcode_before_footer_widgets":"","ocean_shortcode_after_footer_widgets":"","ocean_shortcode_before_footer_bottom":"","ocean_shortcode_after_footer_bottom":"","ocean_display_top_bar":"default","ocean_display_header":"default","ocean_header_style":"","ocean_center_header_left_menu":"0","ocean_custom_header_template":"0","ocean_custom_logo":0,"ocean_custom_retina_logo":0,"ocean_custom_logo_max_width":0,"ocean_custom_logo_tablet_max_width":0,"ocean_custom_logo_mobile_max_width":0,"ocean_custom_logo_max_height":0,"ocean_custom_logo_tablet_max_height":0,"ocean_custom_logo_mobile_max_height":0,"ocean_header_custom_menu":"0","ocean_menu_typo_font_family":"0","ocean_menu_typo_font_subset":"","ocean_menu_typo_font_size":0,"ocean_menu_typo_font_size_tablet":0,"ocean_menu_typo_font_size_mobile":0,"ocean_menu_typo_font_size_unit":"px","ocean_menu_typo_font_weight":"","ocean_menu_typo_font_weight_tablet":"","ocean_menu_typo_font_weight_mobile":"","ocean_menu_typo_transform":"","ocean_menu_typo_transform_tablet":"","ocean_menu_typo_transform_mobile":"","ocean_menu_typo_line_height":0,"ocean_menu_typo_line_height_tablet":0,"ocean_menu_typo_line_height_mobile":0,"ocean_menu_typo_line_height_unit":"","ocean_menu_typo_spacing":0,"ocean_menu_typo_spacing_tablet":0,"ocean_menu_typo_spacing_mobile":0,"ocean_menu_typo_spacing_unit":"","ocean_menu_link_color":"","ocean_menu_link_color_hover":"","ocean_menu_link_color_active":"","ocean_menu_link_background":"","ocean_menu_link_hover_background":"","ocean_menu_link_active_background":"","ocean_menu_social_links_bg":"","ocean_menu_social_hover_links_bg":"","ocean_menu_social_links_color":"","ocean_menu_social_hover_links_color":"","ocean_disable_title":"on","ocean_disable_heading":"default","ocean_post_title":"","ocean_post_subheading":"","ocean_post_title_style":"","ocean_post_title_background_color":"","ocean_post_title_background":0,"ocean_post_title_bg_image_position":"","ocean_post_title_bg_image_attachment":"","ocean_post_title_bg_image_repeat":"","ocean_post_title_bg_image_size":"","ocean_post_title_height":0,"ocean_post_title_bg_overlay":0.5,"ocean_post_title_bg_overlay_color":"","ocean_disable_breadcrumbs":"default","ocean_breadcrumbs_color":"","ocean_breadcrumbs_separator_color":"","ocean_breadcrumbs_links_color":"","ocean_breadcrumbs_links_hover_color":"","ocean_display_footer_widgets":"default","ocean_display_footer_bottom":"default","ocean_custom_footer_template":"0","footnotes":""},"class_list":["post-12","page","type-page","status-publish","hentry","entry","owp-thumbs-layout-horizontal","owp-btn-normal","owp-tabs-layout-horizontal","has-no-thumbnails","has-product-nav"],"uagb_featured_image_src":{"full":false,"thumbnail":false,"medium":false,"medium_large":false,"large":false,"1536x1536":false,"2048x2048":false,"ocean-thumb-m":false,"ocean-thumb-ml":false,"ocean-thumb-l":false,"woocommerce_thumbnail":false,"woocommerce_single":false,"woocommerce_gallery_thumbnail":false},"uagb_author_info":{"display_name":"Cromosomos","author_link":"https:\/\/cromosomos.com\/lojavirtual\/author\/cromosomos\/"},"uagb_comment_info":0,"uagb_excerpt":"AMPLAMENTE CONFORT\u00c1VEL A CROMOSOMOS \u00e9 uma marca carioca slow fashion e ag\u00eanero\u00a0\u00a0concebida pelo estilista e designer gr\u00e1fico mineiro\u00a0Alissandro Lee. Amplitude e conforto s\u00e3o os motes das cria\u00e7\u00f5es. As pe\u00e7as s\u00e3o, em sua maioria, multipe\u00e7as, ou seja,permitem v\u00e1rias possibilidades de uso, t\u00eam a moulagecomo um dos elementos marcantes do seu\u00a0DNA e uma das caracter\u00edsticas principais de&hellip;","_links":{"self":[{"href":"https:\/\/cromosomos.com\/lojavirtual\/wp-json\/wp\/v2\/pages\/12","targetHints":{"allow":["GET"]}}],"collection":[{"href":"https:\/\/cromosomos.com\/lojavirtual\/wp-json\/wp\/v2\/pages"}],"about":[{"href":"https:\/\/cromosomos.com\/lojavirtual\/wp-json\/wp\/v2\/types\/page"}],"author":[{"embeddable":true,"href":"https:\/\/cromosomos.com\/lojavirtual\/wp-json\/wp\/v2\/users\/1"}],"replies":[{"embeddable":true,"href":"https:\/\/cromosomos.com\/lojavirtual\/wp-json\/wp\/v2\/comments?post=12"}],"version-history":[{"count":20,"href":"https:\/\/cromosomos.com\/lojavirtual\/wp-json\/wp\/v2\/pages\/12\/revisions"}],"predecessor-version":[{"id":2019,"href":"https:\/\/cromosomos.com\/lojavirtual\/wp-json\/wp\/v2\/pages\/12\/revisions\/2019"}],"wp:attachment":[{"href":"https:\/\/cromosomos.com\/lojavirtual\/wp-json\/wp\/v2\/media?parent=12"}],"curies":[{"name":"wp","href":"https:\/\/api.w.org\/{rel}","templated":true}]}}