{"id":1364,"date":"2020-08-17T14:28:45","date_gmt":"2020-08-17T14:28:45","guid":{"rendered":"https:\/\/cromosomos.com\/?page_id=1364"},"modified":"2020-08-28T01:48:33","modified_gmt":"2020-08-28T01:48:33","slug":"trocas-e-devolucoes","status":"publish","type":"page","link":"https:\/\/cromosomos.com\/lojavirtual\/trocas-e-devolucoes\/","title":{"rendered":"TROCAS E DEVOLU\u00c7\u00d5ES"},"content":{"rendered":"<p>Troca sem defeito<br \/>\nDevolu\u00e7\u00f5es ou trocas s\u00e3o aceitas em at\u00e9 7 dias \u00fateis ap\u00f3s a compra ter sido recebida.<br \/>\nO produto deve ser enviado na embalagem original, com etiquetas, tags, sem ind\u00edcios de uso ou danifica\u00e7\u00e3o. Envie junto a nota, manuais e acess\u00f3rios caso tenha vindo junto. Se estiver faltando algum item, a troca n\u00e3o ser\u00e1 aceita.<\/p>\n<p>Na 1\u00aa troca sem motivos aparentes o envio fica por conta do cliente, e o reenvio por conta da loja. Se houver necessidade de uma 2\u00aa troca, todas as despesas ficam por responsabilidade do comprador.<br \/>\nA troca por cor ou tamanho est\u00e1 sujeita \u00e0 disponibilidade em nosso estoque.<\/p>\n<p>Ao receber o produto em casa, certifique-se e confira com cuidado sem tirar as etiquetas e tags.<br \/>\nN\u00f3s verificamos todas as pe\u00e7as antes de enviar, por\u00e9m, \u00e9 de responsabilidade do cliente verificar<br \/>\no produto no momento do recebimento, garantindo que ele est\u00e1 livre de algum defeito ocasionado pelo envio.<\/p>\n<p>Troca ou devolu\u00e7\u00e3o com defeito.<br \/>\nSe nossas pe\u00e7as chegaram com algum defeito e voc\u00ea notou logo a inicio, entre em contato pelo e-mail contato@cromosomos.com , o cliente tem at\u00e9 7 dias corridos para nos contatar a respeito do defeito e ent\u00e3o combinar a efetua\u00e7\u00e3o da troca. Trocas com defeitos todos os custos de envio ficam por conta da cromosomos (cobrimos apenas custos de frete convencional, PAC)<\/p>\n<p>Caso ocorra o defeito ap\u00f3s o uso, o nosso prazo de garantia \u00e9 de 30 dias corridos ap\u00f3s o recebimento do produto. A mercadoria adquirida passar\u00e1 por uma avalia\u00e7\u00e3o t\u00e9cnica de defeito. Pe\u00e7as com defeitos ocasionadas por mal uso, entre outros ser\u00e3o devolvidas sem aviso pr\u00e9vio com uma carta de justificativa.<\/p>\n","protected":false},"excerpt":{"rendered":"<p>Troca sem defeito Devolu\u00e7\u00f5es ou trocas s\u00e3o aceitas em at\u00e9 7 dias \u00fateis ap\u00f3s a compra ter sido recebida. O produto deve ser enviado na embalagem original, com etiquetas, tags, sem ind\u00edcios de uso ou danifica\u00e7\u00e3o. Envie junto a nota, manuais e acess\u00f3rios caso tenha vindo junto. Se estiver faltando algum item, a troca n\u00e3o [&hellip;]<\/p>\n","protected":false},"author":1,"featured_media":0,"parent":0,"menu_order":0,"comment_status":"closed","ping_status":"closed","template":"","meta":{"_uag_custom_page_level_css":"","ocean_post_layout":"","ocean_both_sidebars_style":"","ocean_both_sidebars_content_width":0,"ocean_both_sidebars_sidebars_width":0,"ocean_sidebar":"0","ocean_second_sidebar":"0","ocean_disable_margins":"enable","ocean_add_body_class":"","ocean_shortcode_before_top_bar":"","ocean_shortcode_after_top_bar":"","ocean_shortcode_before_header":"","ocean_shortcode_after_header":"","ocean_has_shortcode":"","ocean_shortcode_after_title":"","ocean_shortcode_before_footer_widgets":"","ocean_shortcode_after_footer_widgets":"","ocean_shortcode_before_footer_bottom":"","ocean_shortcode_after_footer_bottom":"","ocean_display_top_bar":"default","ocean_display_header":"default","ocean_header_style":"","ocean_center_header_left_menu":"0","ocean_custom_header_template":"0","ocean_custom_logo":0,"ocean_custom_retina_logo":0,"ocean_custom_logo_max_width":0,"ocean_custom_logo_tablet_max_width":0,"ocean_custom_logo_mobile_max_width":0,"ocean_custom_logo_max_height":0,"ocean_custom_logo_tablet_max_height":0,"ocean_custom_logo_mobile_max_height":0,"ocean_header_custom_menu":"0","ocean_menu_typo_font_family":"0","ocean_menu_typo_font_subset":"","ocean_menu_typo_font_size":0,"ocean_menu_typo_font_size_tablet":0,"ocean_menu_typo_font_size_mobile":0,"ocean_menu_typo_font_size_unit":"px","ocean_menu_typo_font_weight":"","ocean_menu_typo_font_weight_tablet":"","ocean_menu_typo_font_weight_mobile":"","ocean_menu_typo_transform":"","ocean_menu_typo_transform_tablet":"","ocean_menu_typo_transform_mobile":"","ocean_menu_typo_line_height":0,"ocean_menu_typo_line_height_tablet":0,"ocean_menu_typo_line_height_mobile":0,"ocean_menu_typo_line_height_unit":"","ocean_menu_typo_spacing":0,"ocean_menu_typo_spacing_tablet":0,"ocean_menu_typo_spacing_mobile":0,"ocean_menu_typo_spacing_unit":"","ocean_menu_link_color":"","ocean_menu_link_color_hover":"","ocean_menu_link_color_active":"","ocean_menu_link_background":"","ocean_menu_link_hover_background":"","ocean_menu_link_active_background":"","ocean_menu_social_links_bg":"","ocean_menu_social_hover_links_bg":"","ocean_menu_social_links_color":"","ocean_menu_social_hover_links_color":"","ocean_disable_title":"default","ocean_disable_heading":"default","ocean_post_title":"","ocean_post_subheading":"","ocean_post_title_style":"","ocean_post_title_background_color":"","ocean_post_title_background":0,"ocean_post_title_bg_image_position":"","ocean_post_title_bg_image_attachment":"","ocean_post_title_bg_image_repeat":"","ocean_post_title_bg_image_size":"","ocean_post_title_height":0,"ocean_post_title_bg_overlay":0.5,"ocean_post_title_bg_overlay_color":"","ocean_disable_breadcrumbs":"default","ocean_breadcrumbs_color":"","ocean_breadcrumbs_separator_color":"","ocean_breadcrumbs_links_color":"","ocean_breadcrumbs_links_hover_color":"","ocean_display_footer_widgets":"default","ocean_display_footer_bottom":"default","ocean_custom_footer_template":"0","footnotes":""},"class_list":["post-1364","page","type-page","status-publish","hentry","entry","owp-thumbs-layout-horizontal","owp-btn-normal","owp-tabs-layout-horizontal","has-no-thumbnails","has-product-nav"],"uagb_featured_image_src":{"full":false,"thumbnail":false,"medium":false,"medium_large":false,"large":false,"1536x1536":false,"2048x2048":false,"ocean-thumb-m":false,"ocean-thumb-ml":false,"ocean-thumb-l":false,"woocommerce_thumbnail":false,"woocommerce_single":false,"woocommerce_gallery_thumbnail":false},"uagb_author_info":{"display_name":"Cromosomos","author_link":"https:\/\/cromosomos.com\/lojavirtual\/author\/cromosomos\/"},"uagb_comment_info":0,"uagb_excerpt":"Troca sem defeito Devolu\u00e7\u00f5es ou trocas s\u00e3o aceitas em at\u00e9 7 dias \u00fateis ap\u00f3s a compra ter sido recebida. O produto deve ser enviado na embalagem original, com etiquetas, tags, sem ind\u00edcios de uso ou danifica\u00e7\u00e3o. Envie junto a nota, manuais e acess\u00f3rios caso tenha vindo junto. Se estiver faltando algum item, a troca n\u00e3o&hellip;","_links":{"self":[{"href":"https:\/\/cromosomos.com\/lojavirtual\/wp-json\/wp\/v2\/pages\/1364","targetHints":{"allow":["GET"]}}],"collection":[{"href":"https:\/\/cromosomos.com\/lojavirtual\/wp-json\/wp\/v2\/pages"}],"about":[{"href":"https:\/\/cromosomos.com\/lojavirtual\/wp-json\/wp\/v2\/types\/page"}],"author":[{"embeddable":true,"href":"https:\/\/cromosomos.com\/lojavirtual\/wp-json\/wp\/v2\/users\/1"}],"replies":[{"embeddable":true,"href":"https:\/\/cromosomos.com\/lojavirtual\/wp-json\/wp\/v2\/comments?post=1364"}],"version-history":[{"count":4,"href":"https:\/\/cromosomos.com\/lojavirtual\/wp-json\/wp\/v2\/pages\/1364\/revisions"}],"predecessor-version":[{"id":1833,"href":"https:\/\/cromosomos.com\/lojavirtual\/wp-json\/wp\/v2\/pages\/1364\/revisions\/1833"}],"wp:attachment":[{"href":"https:\/\/cromosomos.com\/lojavirtual\/wp-json\/wp\/v2\/media?parent=1364"}],"curies":[{"name":"wp","href":"https:\/\/api.w.org\/{rel}","templated":true}]}}