{"id":1772,"date":"2020-08-24T17:12:37","date_gmt":"2020-08-24T17:12:37","guid":{"rendered":"https:\/\/cromosomos.com\/lojavirtual\/?page_id=1772"},"modified":"2023-03-25T12:24:53","modified_gmt":"2023-03-25T15:24:53","slug":"acessorios","status":"publish","type":"page","link":"https:\/\/cromosomos.com\/lojavirtual\/acessorios\/","title":{"rendered":"Acess\u00f3rios"},"content":{"rendered":"\t\t<div data-elementor-type=\"wp-page\" data-elementor-id=\"1772\" class=\"elementor elementor-1772\" data-elementor-post-type=\"page\">\n\t\t\t\t\t\t<section class=\"elementor-section elementor-top-section elementor-element elementor-element-4c635a2 elementor-section-boxed elementor-section-height-default elementor-section-height-default\" data-id=\"4c635a2\" data-element_type=\"section\" data-e-type=\"section\">\n\t\t\t\t\t\t<div class=\"elementor-container elementor-column-gap-default\">\n\t\t\t\t\t<div class=\"elementor-column elementor-col-100 elementor-top-column elementor-element elementor-element-ab73d35\" data-id=\"ab73d35\" data-element_type=\"column\" data-e-type=\"column\">\n\t\t\t<div class=\"elementor-widget-wrap elementor-element-populated\">\n\t\t\t\t\t\t<div class=\"elementor-element elementor-element-6d4dfb1 elementor-product-loop-item--align-left elementor-grid-4 elementor-grid-tablet-3 elementor-grid-mobile-2 elementor-products-grid elementor-wc-products elementor-widget elementor-widget-woocommerce-products\" data-id=\"6d4dfb1\" data-element_type=\"widget\" data-e-type=\"widget\" data-widget_type=\"woocommerce-products.default\">\n\t\t\t\t<div class=\"elementor-widget-container\">\n\t\t\t\t\t<div class=\"woocommerce columns-4 \">\r\n<ul class=\"products elementor-grid oceanwp-row clr grid tablet-col tablet-2-col mobile-col mobile-3-col\">\r\n<li class=\"entry has-media has-product-nav col span_1_of_4 owp-content-left owp-thumbs-layout-horizontal owp-btn-normal owp-tabs-layout-horizontal product type-product post-543 status-publish first instock product_cat-acessorios product_tag-acessorio product_tag-gola has-post-thumbnail taxable shipping-taxable purchasable product-type-simple\">\n\t<div class=\"product-inner clr\">\r\n\t<div class=\"woo-entry-image-swap woo-entry-image clr\">\r\n\t\t<a href=\"https:\/\/cromosomos.com\/lojavirtual\/produto\/gola-preta\/\" class=\"woocommerce-LoopProduct-link\"><img fetchpriority=\"high\" decoding=\"async\" width=\"300\" height=\"418\" src=\"https:\/\/cromosomos.com\/lojavirtual\/wp-content\/uploads\/2020\/07\/01-IMG_6695-300x418.jpg\" class=\"woo-entry-image-main\" alt=\"Gola Preta\" itemprop=\"image\" \/><img decoding=\"async\" width=\"300\" height=\"418\" src=\"https:\/\/cromosomos.com\/lojavirtual\/wp-content\/uploads\/2020\/07\/02-IMG_7613-300x418.jpg\" class=\"woo-entry-image-secondary\" alt=\"Gola Preta\" itemprop=\"image\" \/><\/a><a href=\"#\" id=\"product_id_543\" class=\"owp-quick-view\" data-product_id=\"543\" aria-label=\"Pr\u00e9-visualiza\u00e7\u00e3o r\u00e1pida do produto Gola Preta\"><i class=\" icon-eye\" aria-hidden=\"true\" role=\"img\"><\/i> Visualiza\u00e7\u00e3o r\u00e1pida<\/a>\t<\/div><!-- .woo-entry-image-swap -->\r\n\r\n<ul class=\"woo-entry-inner clr\"><li class=\"image-wrap\">\r\n\t<div class=\"woo-entry-image-swap woo-entry-image clr\">\r\n\t\t<a href=\"https:\/\/cromosomos.com\/lojavirtual\/produto\/gola-preta\/\" class=\"woocommerce-LoopProduct-link\"><img fetchpriority=\"high\" decoding=\"async\" width=\"300\" height=\"418\" src=\"https:\/\/cromosomos.com\/lojavirtual\/wp-content\/uploads\/2020\/07\/01-IMG_6695-300x418.jpg\" class=\"woo-entry-image-main\" alt=\"Gola Preta\" itemprop=\"image\" \/><img decoding=\"async\" width=\"300\" height=\"418\" src=\"https:\/\/cromosomos.com\/lojavirtual\/wp-content\/uploads\/2020\/07\/02-IMG_7613-300x418.jpg\" class=\"woo-entry-image-secondary\" alt=\"Gola Preta\" itemprop=\"image\" \/><\/a><a href=\"#\" id=\"product_id_543\" class=\"owp-quick-view\" data-product_id=\"543\" aria-label=\"Pr\u00e9-visualiza\u00e7\u00e3o r\u00e1pida do produto Gola Preta\"><i class=\" icon-eye\" aria-hidden=\"true\" role=\"img\"><\/i> Visualiza\u00e7\u00e3o r\u00e1pida<\/a>\t<\/div><!-- .woo-entry-image-swap -->\r\n\r\n<\/li><li class=\"title\"><h2><a href=\"https:\/\/cromosomos.com\/lojavirtual\/produto\/gola-preta\/\">Gola Preta<\/a><\/h2><\/li><li class=\"price-wrap\">\n\t<span class=\"price\"><span class=\"woocommerce-Price-amount amount\"><bdi><span class=\"woocommerce-Price-currencySymbol\">&#82;&#36;<\/span>79,00<\/bdi><\/span><\/span>\n<\/li><\/ul><\/div><!-- .product-inner .clr --><\/li>\n<li class=\"entry has-media has-product-nav col span_1_of_4 owp-content-left owp-thumbs-layout-horizontal owp-btn-normal owp-tabs-layout-horizontal product type-product post-539 status-publish instock product_cat-acessorios product_tag-acessorio product_tag-gola has-post-thumbnail taxable shipping-taxable purchasable product-type-simple\">\n\t<div class=\"product-inner clr\">\r\n\t<div class=\"woo-entry-image-swap woo-entry-image clr\">\r\n\t\t<a href=\"https:\/\/cromosomos.com\/lojavirtual\/produto\/gola-mescla\/\" class=\"woocommerce-LoopProduct-link\"><img decoding=\"async\" width=\"300\" height=\"418\" src=\"https:\/\/cromosomos.com\/lojavirtual\/wp-content\/uploads\/2020\/07\/01-IMG_9039-300x418.jpg\" class=\"woo-entry-image-main\" alt=\"Gola Mescla\" itemprop=\"image\" \/><img loading=\"lazy\" decoding=\"async\" width=\"300\" height=\"418\" src=\"https:\/\/cromosomos.com\/lojavirtual\/wp-content\/uploads\/2020\/07\/02-IMG_6709-300x418.jpg\" class=\"woo-entry-image-secondary\" alt=\"Gola Mescla\" itemprop=\"image\" \/><\/a><a href=\"#\" id=\"product_id_539\" class=\"owp-quick-view\" data-product_id=\"539\" aria-label=\"Pr\u00e9-visualiza\u00e7\u00e3o r\u00e1pida do produto Gola Mescla\"><i class=\" icon-eye\" aria-hidden=\"true\" role=\"img\"><\/i> Visualiza\u00e7\u00e3o r\u00e1pida<\/a>\t<\/div><!-- .woo-entry-image-swap -->\r\n\r\n<ul class=\"woo-entry-inner clr\"><li class=\"image-wrap\">\r\n\t<div class=\"woo-entry-image-swap woo-entry-image clr\">\r\n\t\t<a href=\"https:\/\/cromosomos.com\/lojavirtual\/produto\/gola-mescla\/\" class=\"woocommerce-LoopProduct-link\"><img decoding=\"async\" width=\"300\" height=\"418\" src=\"https:\/\/cromosomos.com\/lojavirtual\/wp-content\/uploads\/2020\/07\/01-IMG_9039-300x418.jpg\" class=\"woo-entry-image-main\" alt=\"Gola Mescla\" itemprop=\"image\" \/><img loading=\"lazy\" decoding=\"async\" width=\"300\" height=\"418\" src=\"https:\/\/cromosomos.com\/lojavirtual\/wp-content\/uploads\/2020\/07\/02-IMG_6709-300x418.jpg\" class=\"woo-entry-image-secondary\" alt=\"Gola Mescla\" itemprop=\"image\" \/><\/a><a href=\"#\" id=\"product_id_539\" class=\"owp-quick-view\" data-product_id=\"539\" aria-label=\"Pr\u00e9-visualiza\u00e7\u00e3o r\u00e1pida do produto Gola Mescla\"><i class=\" icon-eye\" aria-hidden=\"true\" role=\"img\"><\/i> Visualiza\u00e7\u00e3o r\u00e1pida<\/a>\t<\/div><!-- .woo-entry-image-swap -->\r\n\r\n<\/li><li class=\"title\"><h2><a href=\"https:\/\/cromosomos.com\/lojavirtual\/produto\/gola-mescla\/\">Gola Mescla<\/a><\/h2><\/li><li class=\"price-wrap\">\n\t<span class=\"price\"><span class=\"woocommerce-Price-amount amount\"><bdi><span class=\"woocommerce-Price-currencySymbol\">&#82;&#36;<\/span>79,00<\/bdi><\/span><\/span>\n<\/li><\/ul><\/div><!-- .product-inner .clr --><\/li>\n<li class=\"entry has-media has-product-nav col span_1_of_4 owp-content-left owp-thumbs-layout-horizontal owp-btn-normal owp-tabs-layout-horizontal product type-product post-534 status-publish instock product_cat-acessorios product_tag-acessorio product_tag-gola has-post-thumbnail taxable shipping-taxable purchasable product-type-simple\">\n\t<div class=\"product-inner clr\">\r\n\t<div class=\"woo-entry-image-swap woo-entry-image clr\">\r\n\t\t<a href=\"https:\/\/cromosomos.com\/lojavirtual\/produto\/gola-listras\/\" class=\"woocommerce-LoopProduct-link\"><img loading=\"lazy\" decoding=\"async\" width=\"300\" height=\"418\" src=\"https:\/\/cromosomos.com\/lojavirtual\/wp-content\/uploads\/2020\/07\/01-IMG_6718-300x418.jpg\" class=\"woo-entry-image-main\" alt=\"Gola Listras\" itemprop=\"image\" \/><img loading=\"lazy\" decoding=\"async\" width=\"300\" height=\"418\" src=\"https:\/\/cromosomos.com\/lojavirtual\/wp-content\/uploads\/2020\/07\/01-IMG_6718-300x418.jpg\" class=\"woo-entry-image-secondary\" alt=\"Gola Listras\" itemprop=\"image\" \/><\/a><a href=\"#\" id=\"product_id_534\" class=\"owp-quick-view\" data-product_id=\"534\" aria-label=\"Pr\u00e9-visualiza\u00e7\u00e3o r\u00e1pida do produto Gola Listras\"><i class=\" icon-eye\" aria-hidden=\"true\" role=\"img\"><\/i> Visualiza\u00e7\u00e3o r\u00e1pida<\/a>\t<\/div><!-- .woo-entry-image-swap -->\r\n\r\n<ul class=\"woo-entry-inner clr\"><li class=\"image-wrap\">\r\n\t<div class=\"woo-entry-image-swap woo-entry-image clr\">\r\n\t\t<a href=\"https:\/\/cromosomos.com\/lojavirtual\/produto\/gola-listras\/\" class=\"woocommerce-LoopProduct-link\"><img loading=\"lazy\" decoding=\"async\" width=\"300\" height=\"418\" src=\"https:\/\/cromosomos.com\/lojavirtual\/wp-content\/uploads\/2020\/07\/01-IMG_6718-300x418.jpg\" class=\"woo-entry-image-main\" alt=\"Gola Listras\" itemprop=\"image\" \/><img loading=\"lazy\" decoding=\"async\" width=\"300\" height=\"418\" src=\"https:\/\/cromosomos.com\/lojavirtual\/wp-content\/uploads\/2020\/07\/01-IMG_6718-300x418.jpg\" class=\"woo-entry-image-secondary\" alt=\"Gola Listras\" itemprop=\"image\" \/><\/a><a href=\"#\" id=\"product_id_534\" class=\"owp-quick-view\" data-product_id=\"534\" aria-label=\"Pr\u00e9-visualiza\u00e7\u00e3o r\u00e1pida do produto Gola Listras\"><i class=\" icon-eye\" aria-hidden=\"true\" role=\"img\"><\/i> Visualiza\u00e7\u00e3o r\u00e1pida<\/a>\t<\/div><!-- .woo-entry-image-swap -->\r\n\r\n<\/li><li class=\"title\"><h2><a href=\"https:\/\/cromosomos.com\/lojavirtual\/produto\/gola-listras\/\">Gola Listras<\/a><\/h2><\/li><li class=\"price-wrap\">\n\t<span class=\"price\"><span class=\"woocommerce-Price-amount amount\"><bdi><span class=\"woocommerce-Price-currencySymbol\">&#82;&#36;<\/span>79,00<\/bdi><\/span><\/span>\n<\/li><\/ul><\/div><!-- .product-inner .clr --><\/li>\n<li class=\"entry has-media has-product-nav col span_1_of_4 owp-content-left owp-thumbs-layout-horizontal owp-btn-normal owp-tabs-layout-horizontal product type-product post-527 status-publish last outofstock product_cat-acessorios product_tag-acessorio product_tag-bag product_tag-bolsa product_tag-eco has-post-thumbnail taxable shipping-taxable purchasable product-type-simple\">\n\t<div class=\"product-inner clr\">\r\n\t<div class=\"woo-entry-image-swap woo-entry-image clr\">\r\n\t\t<a href=\"https:\/\/cromosomos.com\/lojavirtual\/produto\/ecobag-tyvek-branco\/\" class=\"woocommerce-LoopProduct-link\"><img loading=\"lazy\" decoding=\"async\" width=\"300\" height=\"418\" src=\"https:\/\/cromosomos.com\/lojavirtual\/wp-content\/uploads\/2020\/07\/04-IMG_6419-scaled-300x418.jpg\" class=\"woo-entry-image-main\" alt=\"Ecobag Tyvek Branco\" itemprop=\"image\" \/><img loading=\"lazy\" decoding=\"async\" width=\"300\" height=\"418\" src=\"https:\/\/cromosomos.com\/lojavirtual\/wp-content\/uploads\/2020\/07\/02-IMG_7488-300x418.jpg\" class=\"woo-entry-image-secondary\" alt=\"Ecobag Tyvek Branco\" itemprop=\"image\" \/><\/a><a href=\"#\" id=\"product_id_527\" class=\"owp-quick-view\" data-product_id=\"527\" aria-label=\"Pr\u00e9-visualiza\u00e7\u00e3o r\u00e1pida do produto Ecobag Tyvek Branco\"><i class=\" icon-eye\" aria-hidden=\"true\" role=\"img\"><\/i> Visualiza\u00e7\u00e3o r\u00e1pida<\/a>\t<\/div><!-- .woo-entry-image-swap -->\r\n\r\n<ul class=\"woo-entry-inner clr\"><li class=\"image-wrap\">\t\t\t\t<div class=\"outofstock-badge\">\n\t\t\t\t\tFora de estoque\t\t\t\t<\/div><!-- .product-entry-out-of-stock-badge -->\n\t\t\t\t\r\n\t<div class=\"woo-entry-image-swap woo-entry-image clr\">\r\n\t\t<a href=\"https:\/\/cromosomos.com\/lojavirtual\/produto\/ecobag-tyvek-branco\/\" class=\"woocommerce-LoopProduct-link\"><img loading=\"lazy\" decoding=\"async\" width=\"300\" height=\"418\" src=\"https:\/\/cromosomos.com\/lojavirtual\/wp-content\/uploads\/2020\/07\/04-IMG_6419-scaled-300x418.jpg\" class=\"woo-entry-image-main\" alt=\"Ecobag Tyvek Branco\" itemprop=\"image\" \/><img loading=\"lazy\" decoding=\"async\" width=\"300\" height=\"418\" src=\"https:\/\/cromosomos.com\/lojavirtual\/wp-content\/uploads\/2020\/07\/02-IMG_7488-300x418.jpg\" class=\"woo-entry-image-secondary\" alt=\"Ecobag Tyvek Branco\" itemprop=\"image\" \/><\/a><a href=\"#\" id=\"product_id_527\" class=\"owp-quick-view\" data-product_id=\"527\" aria-label=\"Pr\u00e9-visualiza\u00e7\u00e3o r\u00e1pida do produto Ecobag Tyvek Branco\"><i class=\" icon-eye\" aria-hidden=\"true\" role=\"img\"><\/i> Visualiza\u00e7\u00e3o r\u00e1pida<\/a>\t<\/div><!-- .woo-entry-image-swap -->\r\n\r\n<\/li><li class=\"title\"><h2><a href=\"https:\/\/cromosomos.com\/lojavirtual\/produto\/ecobag-tyvek-branco\/\">Ecobag Tyvek Branco<\/a><\/h2><\/li><li class=\"price-wrap\">\n\t<span class=\"price\"><span class=\"woocommerce-Price-amount amount\"><bdi><span class=\"woocommerce-Price-currencySymbol\">&#82;&#36;<\/span>199,00<\/bdi><\/span><\/span>\n<\/li><\/ul><\/div><!-- .product-inner .clr --><\/li>\n<\/ul>\n<\/div>\t\t\t\t<\/div>\n\t\t\t\t<\/div>\n\t\t\t\t\t<\/div>\n\t\t<\/div>\n\t\t\t\t\t<\/div>\n\t\t<\/section>\n\t\t<div class=\"elementor-element elementor-element-831983d e-flex e-con-boxed e-con e-parent\" data-id=\"831983d\" data-element_type=\"container\" data-e-type=\"container\">\n\t\t\t\t\t<div class=\"e-con-inner\">\n\t\t\t\t\t<\/div>\n\t\t\t\t<\/div>\n\t\t\t\t<\/div>\n\t\t","protected":false},"excerpt":{"rendered":"","protected":false},"author":1,"featured_media":0,"parent":0,"menu_order":0,"comment_status":"closed","ping_status":"closed","template":"","meta":{"_uag_custom_page_level_css":"","ocean_post_layout":"","ocean_both_sidebars_style":"","ocean_both_sidebars_content_width":0,"ocean_both_sidebars_sidebars_width":0,"ocean_sidebar":"0","ocean_second_sidebar":"0","ocean_disable_margins":"enable","ocean_add_body_class":"","ocean_shortcode_before_top_bar":"","ocean_shortcode_after_top_bar":"","ocean_shortcode_before_header":"","ocean_shortcode_after_header":"","ocean_has_shortcode":"","ocean_shortcode_after_title":"","ocean_shortcode_before_footer_widgets":"","ocean_shortcode_after_footer_widgets":"","ocean_shortcode_before_footer_bottom":"","ocean_shortcode_after_footer_bottom":"","ocean_display_top_bar":"default","ocean_display_header":"default","ocean_header_style":"","ocean_center_header_left_menu":"0","ocean_custom_header_template":"0","ocean_custom_logo":0,"ocean_custom_retina_logo":0,"ocean_custom_logo_max_width":0,"ocean_custom_logo_tablet_max_width":0,"ocean_custom_logo_mobile_max_width":0,"ocean_custom_logo_max_height":0,"ocean_custom_logo_tablet_max_height":0,"ocean_custom_logo_mobile_max_height":0,"ocean_header_custom_menu":"0","ocean_menu_typo_font_family":"0","ocean_menu_typo_font_subset":"","ocean_menu_typo_font_size":0,"ocean_menu_typo_font_size_tablet":0,"ocean_menu_typo_font_size_mobile":0,"ocean_menu_typo_font_size_unit":"px","ocean_menu_typo_font_weight":"","ocean_menu_typo_font_weight_tablet":"","ocean_menu_typo_font_weight_mobile":"","ocean_menu_typo_transform":"","ocean_menu_typo_transform_tablet":"","ocean_menu_typo_transform_mobile":"","ocean_menu_typo_line_height":0,"ocean_menu_typo_line_height_tablet":0,"ocean_menu_typo_line_height_mobile":0,"ocean_menu_typo_line_height_unit":"","ocean_menu_typo_spacing":0,"ocean_menu_typo_spacing_tablet":0,"ocean_menu_typo_spacing_mobile":0,"ocean_menu_typo_spacing_unit":"","ocean_menu_link_color":"","ocean_menu_link_color_hover":"","ocean_menu_link_color_active":"","ocean_menu_link_background":"","ocean_menu_link_hover_background":"","ocean_menu_link_active_background":"","ocean_menu_social_links_bg":"","ocean_menu_social_hover_links_bg":"","ocean_menu_social_links_color":"","ocean_menu_social_hover_links_color":"","ocean_disable_title":"default","ocean_disable_heading":"default","ocean_post_title":"","ocean_post_subheading":"","ocean_post_title_style":"","ocean_post_title_background_color":"","ocean_post_title_background":0,"ocean_post_title_bg_image_position":"","ocean_post_title_bg_image_attachment":"","ocean_post_title_bg_image_repeat":"","ocean_post_title_bg_image_size":"","ocean_post_title_height":0,"ocean_post_title_bg_overlay":0.5,"ocean_post_title_bg_overlay_color":"","ocean_disable_breadcrumbs":"default","ocean_breadcrumbs_color":"","ocean_breadcrumbs_separator_color":"","ocean_breadcrumbs_links_color":"","ocean_breadcrumbs_links_hover_color":"","ocean_display_footer_widgets":"default","ocean_display_footer_bottom":"default","ocean_custom_footer_template":"0","footnotes":""},"class_list":["post-1772","page","type-page","status-publish","hentry","entry","owp-thumbs-layout-horizontal","owp-btn-normal","owp-tabs-layout-horizontal","has-no-thumbnails","has-product-nav"],"uagb_featured_image_src":{"full":false,"thumbnail":false,"medium":false,"medium_large":false,"large":false,"1536x1536":false,"2048x2048":false,"ocean-thumb-m":false,"ocean-thumb-ml":false,"ocean-thumb-l":false,"woocommerce_thumbnail":false,"woocommerce_single":false,"woocommerce_gallery_thumbnail":false},"uagb_author_info":{"display_name":"Cromosomos","author_link":"https:\/\/cromosomos.com\/lojavirtual\/author\/cromosomos\/"},"uagb_comment_info":0,"uagb_excerpt":null,"_links":{"self":[{"href":"https:\/\/cromosomos.com\/lojavirtual\/wp-json\/wp\/v2\/pages\/1772","targetHints":{"allow":["GET"]}}],"collection":[{"href":"https:\/\/cromosomos.com\/lojavirtual\/wp-json\/wp\/v2\/pages"}],"about":[{"href":"https:\/\/cromosomos.com\/lojavirtual\/wp-json\/wp\/v2\/types\/page"}],"author":[{"embeddable":true,"href":"https:\/\/cromosomos.com\/lojavirtual\/wp-json\/wp\/v2\/users\/1"}],"replies":[{"embeddable":true,"href":"https:\/\/cromosomos.com\/lojavirtual\/wp-json\/wp\/v2\/comments?post=1772"}],"version-history":[{"count":44,"href":"https:\/\/cromosomos.com\/lojavirtual\/wp-json\/wp\/v2\/pages\/1772\/revisions"}],"predecessor-version":[{"id":2743,"href":"https:\/\/cromosomos.com\/lojavirtual\/wp-json\/wp\/v2\/pages\/1772\/revisions\/2743"}],"wp:attachment":[{"href":"https:\/\/cromosomos.com\/lojavirtual\/wp-json\/wp\/v2\/media?parent=1772"}],"curies":[{"name":"wp","href":"https:\/\/api.w.org\/{rel}","templated":true}]}}