{"id":2502,"date":"2022-02-26T21:46:14","date_gmt":"2022-02-27T00:46:14","guid":{"rendered":"https:\/\/cromosomos.com\/lojavirtual\/?page_id=2502"},"modified":"2022-02-26T22:00:09","modified_gmt":"2022-02-27T01:00:09","slug":"atendimento-lgpd","status":"publish","type":"page","link":"https:\/\/cromosomos.com\/lojavirtual\/atendimento-lgpd\/","title":{"rendered":"Atendimento LGPD"},"content":{"rendered":"\t\t<div data-elementor-type=\"wp-page\" data-elementor-id=\"2502\" class=\"elementor elementor-2502\" data-elementor-post-type=\"page\">\n\t\t\t\t\t\t<section class=\"elementor-section elementor-top-section elementor-element elementor-element-06552d9 elementor-section-boxed elementor-section-height-default elementor-section-height-default\" data-id=\"06552d9\" data-element_type=\"section\" data-e-type=\"section\">\n\t\t\t\t\t\t<div class=\"elementor-container elementor-column-gap-default\">\n\t\t\t\t\t<div class=\"elementor-column elementor-col-100 elementor-top-column elementor-element elementor-element-c0192bc\" data-id=\"c0192bc\" data-element_type=\"column\" data-e-type=\"column\">\n\t\t\t<div class=\"elementor-widget-wrap elementor-element-populated\">\n\t\t\t\t\t\t<div class=\"elementor-element elementor-element-68682f5 elementor-widget elementor-widget-text-editor\" data-id=\"68682f5\" data-element_type=\"widget\" data-e-type=\"widget\" data-widget_type=\"text-editor.default\">\n\t\t\t\t<div class=\"elementor-widget-container\">\n\t\t\t\t\t\t\t\t\t<p>O question\u00e1rio de contato desta p\u00e1gina \u00e9 destinado a atender quest\u00f5es relacionadas da Lei Geral de Prote\u00e7\u00e3o de dados, para outros assuntos acesso nosso\u00a0<a style=\"font-size: 14px; background-color: #ffffff;\" href=\"https:\/\/cromosomos.com\/lojavirtual\/contato\/\" target=\"_blank\" rel=\"noopener\">formul\u00e1rio de contato.\u00a0\u00a0<\/a><\/p><p style=\"font-variant-ligatures: normal; font-variant-caps: normal; font-family: Roboto, sans-serif; font-size: 14px; font-style: normal; font-weight: 400;\">O titular de dados pessoais possui o direito de solicitar do site Cromosomos, atrav\u00e9s do\u00a0<span style=\"font-size: 14px; color: var( --e-global-color-text );\">canal espec\u00edfico de tratamento, a qualquer momento, mediante requisi\u00e7\u00e3o formal,\u00a0<\/span><span style=\"font-size: 14px; color: var( --e-global-color-text );\">informa\u00e7\u00f5es referentes aos seus dados.<\/span><\/p><p style=\"font-variant-ligatures: normal; font-variant-caps: normal; font-family: Roboto, sans-serif; font-size: 14px; font-style: normal; font-weight: 400;\">Os pedidos ser\u00e3o analisados conforme previsto em legisla\u00e7\u00e3o vigente dentro de um prazo\u00a0<span style=\"font-size: 14px; color: var( --e-global-color-text );\">de 72 horas, salvo determina\u00e7\u00e3o legal e\/ou objeto de lei.<\/span><\/p><p style=\"font-variant-ligatures: normal; font-variant-caps: normal; font-family: Roboto, sans-serif; font-size: 14px; font-style: normal; font-weight: 400;\">Os titulares de dados, segundo o texto da LGPD, podem exercer os seus direitos por meio\u00a0<span style=\"font-size: 14px; color: var( --e-global-color-text );\">de:<br \/><\/span><span style=\"font-size: 14px; color: var( --e-global-color-text );\">Confirma\u00e7\u00e3o da exist\u00eancia de tratamento;<br \/><\/span><span style=\"font-size: 14px; color: var( --e-global-color-text );\">Acesso aos seus dados pessoais;<br \/><\/span><span style=\"font-size: 14px; color: var( --e-global-color-text );\">Corre\u00e7\u00e3o de dados incompletos, inexatos ou desatualizados;<br \/><\/span><span style=\"font-size: 14px; color: var( --e-global-color-text );\">Anonimiza\u00e7\u00e3o, bloqueio ou elimina\u00e7\u00e3o de dados desnecess\u00e1rios, excessivos ou tratados em\u00a0<\/span><span style=\"font-size: 14px; color: var( --e-global-color-text );\">desconformidade com o disposto nesta Lei;<br \/><\/span><span style=\"font-size: 14px; color: var( --e-global-color-text );\">Portabilidade dos dados a outro fornecedor de servi\u00e7o ou produto, mediante requisi\u00e7\u00e3o\u00a0<\/span><span style=\"font-size: 14px; color: var( --e-global-color-text );\">expressa, de acordo com a regulamenta\u00e7\u00e3o da autoridade nacional, observados os segredos\u00a0<\/span><span style=\"font-size: 14px; color: var( --e-global-color-text );\">comercial e industrial;<br \/><\/span><span style=\"font-size: 14px; color: var( --e-global-color-text );\">Elimina\u00e7\u00e3o dos dados pessoais tratados com o consentimento do titular;<br \/><\/span><span style=\"font-size: 14px; color: var( --e-global-color-text );\">Informa\u00e7\u00e3o das entidades p\u00fablicas e privadas com as quais o controlador realizou uso\u00a0<\/span><span style=\"font-size: 14px; color: var( --e-global-color-text );\">compartilhado de dados;<br \/><\/span><span style=\"font-size: 14px; color: var( --e-global-color-text );\">Informa\u00e7\u00e3o sobre a possibilidade de n\u00e3o fornecer consentimento e sobre as consequ\u00eancias\u00a0<\/span><span style=\"font-size: 14px; color: var( --e-global-color-text );\">da negativa;<br \/><\/span><span style=\"font-size: 14px; color: var( --e-global-color-text );\">Revoga\u00e7\u00e3o do consentimento.<\/span><\/p>\t\t\t\t\t\t\t\t<\/div>\n\t\t\t\t<\/div>\n\t\t\t\t<div class=\"elementor-element elementor-element-3a9b050 elementor-widget elementor-widget-shortcode\" data-id=\"3a9b050\" data-element_type=\"widget\" data-e-type=\"widget\" data-widget_type=\"shortcode.default\">\n\t\t\t\t<div class=\"elementor-widget-container\">\n\t\t\t\t\t\t\t<div class=\"elementor-shortcode\">\n<div class=\"wpcf7 no-js\" id=\"wpcf7-f2528-o1\" lang=\"pt-BR\" dir=\"ltr\" data-wpcf7-id=\"2528\">\n<div class=\"screen-reader-response\"><p role=\"status\" aria-live=\"polite\" aria-atomic=\"true\"><\/p> <ul><\/ul><\/div>\n<form action=\"\/lojavirtual\/wp-json\/wp\/v2\/pages\/2502#wpcf7-f2528-o1\" method=\"post\" class=\"wpcf7-form init\" aria-label=\"Formul\u00e1rios de contato\" novalidate=\"novalidate\" data-status=\"init\">\n<fieldset class=\"hidden-fields-container\"><input type=\"hidden\" name=\"_wpcf7\" value=\"2528\" \/><input type=\"hidden\" name=\"_wpcf7_version\" value=\"6.1.5\" \/><input type=\"hidden\" name=\"_wpcf7_locale\" value=\"pt_BR\" \/><input type=\"hidden\" name=\"_wpcf7_unit_tag\" value=\"wpcf7-f2528-o1\" \/><input type=\"hidden\" name=\"_wpcf7_container_post\" value=\"0\" \/><input type=\"hidden\" name=\"_wpcf7_posted_data_hash\" value=\"\" \/>\n<\/fieldset>\n<p><label> Seu nome (obrigat\u00f3rio)<br \/>\n<span class=\"wpcf7-form-control-wrap\" data-name=\"your-name\"><input size=\"40\" maxlength=\"400\" class=\"wpcf7-form-control wpcf7-text wpcf7-validates-as-required\" aria-required=\"true\" aria-invalid=\"false\" value=\"\" type=\"text\" name=\"your-name\" \/><\/span> <\/label>\n<\/p>\n<p><label> Celular Whatsapp<br \/>\n<span class=\"wpcf7-form-control-wrap\" data-name=\"WHATSAPP\"><input size=\"40\" maxlength=\"400\" class=\"wpcf7-form-control wpcf7-tel wpcf7-text wpcf7-validates-as-tel\" aria-invalid=\"false\" value=\"\" type=\"tel\" name=\"WHATSAPP\" \/><\/span><\/label>\n<\/p>\n<p><label> Seu e-mail (obrigat\u00f3rio)<br \/>\n<span class=\"wpcf7-form-control-wrap\" data-name=\"your-email\"><input size=\"40\" maxlength=\"400\" class=\"wpcf7-form-control wpcf7-email wpcf7-validates-as-required wpcf7-text wpcf7-validates-as-email\" aria-required=\"true\" aria-invalid=\"false\" value=\"\" type=\"email\" name=\"your-email\" \/><\/span> <\/label>\n<\/p>\n<p><label> Assunto<br \/>\n<span class=\"wpcf7-form-control-wrap\" data-name=\"your-subject\"><input size=\"40\" maxlength=\"400\" class=\"wpcf7-form-control wpcf7-text\" aria-invalid=\"false\" value=\"\" type=\"text\" name=\"your-subject\" \/><\/span> <\/label>\n<\/p>\n<p><label> Sua mensagem<br \/>\n<span class=\"wpcf7-form-control-wrap\" data-name=\"your-message\"><textarea cols=\"40\" rows=\"10\" maxlength=\"2000\" class=\"wpcf7-form-control wpcf7-textarea\" aria-invalid=\"false\" name=\"your-message\"><\/textarea><\/span> <\/label>\n<\/p>\n<p><input class=\"wpcf7-form-control wpcf7-submit has-spinner\" type=\"submit\" value=\"Enviar\" \/>\n<\/p><p style=\"display: none !important;\" class=\"akismet-fields-container\" data-prefix=\"_wpcf7_ak_\"><label>&#916;<textarea name=\"_wpcf7_ak_hp_textarea\" cols=\"45\" rows=\"8\" maxlength=\"100\"><\/textarea><\/label><input type=\"hidden\" id=\"ak_js_1\" name=\"_wpcf7_ak_js\" value=\"117\"\/><script>document.getElementById( \"ak_js_1\" ).setAttribute( \"value\", ( new Date() ).getTime() );<\/script><\/p><div class=\"wpcf7-response-output\" aria-hidden=\"true\"><\/div>\n<\/form>\n<\/div>\n<\/div>\n\t\t\t\t\t\t<\/div>\n\t\t\t\t<\/div>\n\t\t\t\t\t<\/div>\n\t\t<\/div>\n\t\t\t\t\t<\/div>\n\t\t<\/section>\n\t\t\t\t<\/div>\n\t\t","protected":false},"excerpt":{"rendered":"<p>O question\u00e1rio de contato desta p\u00e1gina \u00e9 destinado a atender quest\u00f5es relacionadas da Lei Geral de Prote\u00e7\u00e3o de dados, para outros assuntos acesso nosso\u00a0formul\u00e1rio de contato.\u00a0\u00a0 O titular de dados pessoais possui o direito de solicitar do site Cromosomos, atrav\u00e9s do\u00a0canal espec\u00edfico de tratamento, a qualquer momento, mediante requisi\u00e7\u00e3o formal,\u00a0informa\u00e7\u00f5es referentes aos seus dados. Os [&hellip;]<\/p>\n","protected":false},"author":1,"featured_media":0,"parent":0,"menu_order":0,"comment_status":"closed","ping_status":"closed","template":"","meta":{"_uag_custom_page_level_css":"","ocean_post_layout":"","ocean_both_sidebars_style":"","ocean_both_sidebars_content_width":0,"ocean_both_sidebars_sidebars_width":0,"ocean_sidebar":"0","ocean_second_sidebar":"0","ocean_disable_margins":"enable","ocean_add_body_class":"","ocean_shortcode_before_top_bar":"","ocean_shortcode_after_top_bar":"","ocean_shortcode_before_header":"","ocean_shortcode_after_header":"","ocean_has_shortcode":"","ocean_shortcode_after_title":"","ocean_shortcode_before_footer_widgets":"","ocean_shortcode_after_footer_widgets":"","ocean_shortcode_before_footer_bottom":"","ocean_shortcode_after_footer_bottom":"","ocean_display_top_bar":"default","ocean_display_header":"default","ocean_header_style":"","ocean_center_header_left_menu":"0","ocean_custom_header_template":"0","ocean_custom_logo":0,"ocean_custom_retina_logo":0,"ocean_custom_logo_max_width":0,"ocean_custom_logo_tablet_max_width":0,"ocean_custom_logo_mobile_max_width":0,"ocean_custom_logo_max_height":0,"ocean_custom_logo_tablet_max_height":0,"ocean_custom_logo_mobile_max_height":0,"ocean_header_custom_menu":"0","ocean_menu_typo_font_family":"0","ocean_menu_typo_font_subset":"","ocean_menu_typo_font_size":0,"ocean_menu_typo_font_size_tablet":0,"ocean_menu_typo_font_size_mobile":0,"ocean_menu_typo_font_size_unit":"px","ocean_menu_typo_font_weight":"","ocean_menu_typo_font_weight_tablet":"","ocean_menu_typo_font_weight_mobile":"","ocean_menu_typo_transform":"","ocean_menu_typo_transform_tablet":"","ocean_menu_typo_transform_mobile":"","ocean_menu_typo_line_height":0,"ocean_menu_typo_line_height_tablet":0,"ocean_menu_typo_line_height_mobile":0,"ocean_menu_typo_line_height_unit":"","ocean_menu_typo_spacing":0,"ocean_menu_typo_spacing_tablet":0,"ocean_menu_typo_spacing_mobile":0,"ocean_menu_typo_spacing_unit":"","ocean_menu_link_color":"","ocean_menu_link_color_hover":"","ocean_menu_link_color_active":"","ocean_menu_link_background":"","ocean_menu_link_hover_background":"","ocean_menu_link_active_background":"","ocean_menu_social_links_bg":"","ocean_menu_social_hover_links_bg":"","ocean_menu_social_links_color":"","ocean_menu_social_hover_links_color":"","ocean_disable_title":"default","ocean_disable_heading":"default","ocean_post_title":"","ocean_post_subheading":"","ocean_post_title_style":"","ocean_post_title_background_color":"","ocean_post_title_background":0,"ocean_post_title_bg_image_position":"","ocean_post_title_bg_image_attachment":"","ocean_post_title_bg_image_repeat":"","ocean_post_title_bg_image_size":"","ocean_post_title_height":0,"ocean_post_title_bg_overlay":0.5,"ocean_post_title_bg_overlay_color":"","ocean_disable_breadcrumbs":"default","ocean_breadcrumbs_color":"","ocean_breadcrumbs_separator_color":"","ocean_breadcrumbs_links_color":"","ocean_breadcrumbs_links_hover_color":"","ocean_display_footer_widgets":"default","ocean_display_footer_bottom":"default","ocean_custom_footer_template":"0","footnotes":""},"class_list":["post-2502","page","type-page","status-publish","hentry","entry","owp-thumbs-layout-horizontal","owp-btn-normal","owp-tabs-layout-horizontal","has-no-thumbnails","has-product-nav"],"uagb_featured_image_src":{"full":false,"thumbnail":false,"medium":false,"medium_large":false,"large":false,"1536x1536":false,"2048x2048":false,"ocean-thumb-m":false,"ocean-thumb-ml":false,"ocean-thumb-l":false,"woocommerce_thumbnail":false,"woocommerce_single":false,"woocommerce_gallery_thumbnail":false},"uagb_author_info":{"display_name":"Cromosomos","author_link":"https:\/\/cromosomos.com\/lojavirtual\/author\/cromosomos\/"},"uagb_comment_info":0,"uagb_excerpt":"O question\u00e1rio de contato desta p\u00e1gina \u00e9 destinado a atender quest\u00f5es relacionadas da Lei Geral de Prote\u00e7\u00e3o de dados, para outros assuntos acesso nosso\u00a0formul\u00e1rio de contato.\u00a0\u00a0 O titular de dados pessoais possui o direito de solicitar do site Cromosomos, atrav\u00e9s do\u00a0canal espec\u00edfico de tratamento, a qualquer momento, mediante requisi\u00e7\u00e3o formal,\u00a0informa\u00e7\u00f5es referentes aos seus dados. Os&hellip;","_links":{"self":[{"href":"https:\/\/cromosomos.com\/lojavirtual\/wp-json\/wp\/v2\/pages\/2502","targetHints":{"allow":["GET"]}}],"collection":[{"href":"https:\/\/cromosomos.com\/lojavirtual\/wp-json\/wp\/v2\/pages"}],"about":[{"href":"https:\/\/cromosomos.com\/lojavirtual\/wp-json\/wp\/v2\/types\/page"}],"author":[{"embeddable":true,"href":"https:\/\/cromosomos.com\/lojavirtual\/wp-json\/wp\/v2\/users\/1"}],"replies":[{"embeddable":true,"href":"https:\/\/cromosomos.com\/lojavirtual\/wp-json\/wp\/v2\/comments?post=2502"}],"version-history":[{"count":22,"href":"https:\/\/cromosomos.com\/lojavirtual\/wp-json\/wp\/v2\/pages\/2502\/revisions"}],"predecessor-version":[{"id":2534,"href":"https:\/\/cromosomos.com\/lojavirtual\/wp-json\/wp\/v2\/pages\/2502\/revisions\/2534"}],"wp:attachment":[{"href":"https:\/\/cromosomos.com\/lojavirtual\/wp-json\/wp\/v2\/media?parent=2502"}],"curies":[{"name":"wp","href":"https:\/\/api.w.org\/{rel}","templated":true}]}}