{"id":527,"date":"2020-07-30T16:24:41","date_gmt":"2020-07-30T19:24:41","guid":{"rendered":"https:\/\/cromosomos.com\/lojavirtual\/?post_type=product&#038;p=527"},"modified":"2025-03-23T20:29:51","modified_gmt":"2025-03-23T23:29:51","slug":"ecobag-tyvek-branco","status":"publish","type":"product","link":"https:\/\/cromosomos.com\/lojavirtual\/produto\/ecobag-tyvek-branco\/","title":{"rendered":"Ecobag Tyvek Branco"},"content":{"rendered":"","protected":false},"excerpt":{"rendered":"<p>Cor: Branca<br \/>\nComposi\u00e7\u00e3o:<br \/>\n70% algod\u00e3o<br \/>\n25% poli\u00e9ster<br \/>\n5% elastano<br \/>\nTamanho:<br \/>\nlargura 48 cm<br \/>\naltura 36 cm<br \/>\nprofundidade 16 cm<\/p>\n","protected":false},"featured_media":2231,"template":"","meta":{"_uag_custom_page_level_css":"","ocean_post_layout":"","ocean_both_sidebars_style":"","ocean_both_sidebars_content_width":0,"ocean_both_sidebars_sidebars_width":0,"ocean_sidebar":"0","ocean_second_sidebar":"0","ocean_disable_margins":"enable","ocean_add_body_class":"","ocean_shortcode_before_top_bar":"","ocean_shortcode_after_top_bar":"","ocean_shortcode_before_header":"","ocean_shortcode_after_header":"","ocean_has_shortcode":"","ocean_shortcode_after_title":"","ocean_shortcode_before_footer_widgets":"","ocean_shortcode_after_footer_widgets":"","ocean_shortcode_before_footer_bottom":"","ocean_shortcode_after_footer_bottom":"","ocean_display_top_bar":"default","ocean_display_header":"default","ocean_header_style":"","ocean_center_header_left_menu":"0","ocean_custom_header_template":"0","ocean_custom_logo":0,"ocean_custom_retina_logo":0,"ocean_custom_logo_max_width":0,"ocean_custom_logo_tablet_max_width":0,"ocean_custom_logo_mobile_max_width":0,"ocean_custom_logo_max_height":0,"ocean_custom_logo_tablet_max_height":0,"ocean_custom_logo_mobile_max_height":0,"ocean_header_custom_menu":"0","ocean_menu_typo_font_family":"0","ocean_menu_typo_font_subset":"","ocean_menu_typo_font_size":0,"ocean_menu_typo_font_size_tablet":0,"ocean_menu_typo_font_size_mobile":0,"ocean_menu_typo_font_size_unit":"px","ocean_menu_typo_font_weight":"","ocean_menu_typo_font_weight_tablet":"","ocean_menu_typo_font_weight_mobile":"","ocean_menu_typo_transform":"","ocean_menu_typo_transform_tablet":"","ocean_menu_typo_transform_mobile":"","ocean_menu_typo_line_height":0,"ocean_menu_typo_line_height_tablet":0,"ocean_menu_typo_line_height_mobile":0,"ocean_menu_typo_line_height_unit":"","ocean_menu_typo_spacing":0,"ocean_menu_typo_spacing_tablet":0,"ocean_menu_typo_spacing_mobile":0,"ocean_menu_typo_spacing_unit":"","ocean_menu_link_color":"","ocean_menu_link_color_hover":"","ocean_menu_link_color_active":"","ocean_menu_link_background":"","ocean_menu_link_hover_background":"","ocean_menu_link_active_background":"","ocean_menu_social_links_bg":"","ocean_menu_social_hover_links_bg":"","ocean_menu_social_links_color":"","ocean_menu_social_hover_links_color":"","ocean_disable_title":"default","ocean_disable_heading":"default","ocean_post_title":"","ocean_post_subheading":"","ocean_post_title_style":"","ocean_post_title_background_color":"","ocean_post_title_background":0,"ocean_post_title_bg_image_position":"","ocean_post_title_bg_image_attachment":"","ocean_post_title_bg_image_repeat":"","ocean_post_title_bg_image_size":"","ocean_post_title_height":0,"ocean_post_title_bg_overlay":0.5,"ocean_post_title_bg_overlay_color":"","ocean_disable_breadcrumbs":"default","ocean_breadcrumbs_color":"","ocean_breadcrumbs_separator_color":"","ocean_breadcrumbs_links_color":"","ocean_breadcrumbs_links_hover_color":"","ocean_display_footer_widgets":"default","ocean_display_footer_bottom":"default","ocean_custom_footer_template":"0"},"product_brand":[],"product_cat":[18],"product_tag":[47,45,46,48],"class_list":{"0":"post-527","1":"product","2":"type-product","3":"status-publish","4":"has-post-thumbnail","6":"product_cat-acessorios","7":"product_tag-acessorio","8":"product_tag-bag","9":"product_tag-bolsa","10":"product_tag-eco","12":"entry","13":"has-media","15":"first","16":"outofstock","17":"taxable","18":"shipping-taxable","19":"purchasable","20":"product-type-simple","21":"has-product-nav","22":"col","23":"span_1_of_6","24":"owp-content-left","25":"owp-thumbs-layout-horizontal","26":"owp-btn-normal","27":"owp-tabs-layout-horizontal"},"uagb_featured_image_src":{"full":["https:\/\/cromosomos.com\/lojavirtual\/wp-content\/uploads\/2020\/07\/04-IMG_6419-scaled.jpg",1707,2560,false],"thumbnail":["https:\/\/cromosomos.com\/lojavirtual\/wp-content\/uploads\/2020\/07\/04-IMG_6419-scaled.jpg",100,150,false],"medium":["https:\/\/cromosomos.com\/lojavirtual\/wp-content\/uploads\/2020\/07\/04-IMG_6419-scaled.jpg",200,300,false],"medium_large":["https:\/\/cromosomos.com\/lojavirtual\/wp-content\/uploads\/2020\/07\/04-IMG_6419-scaled.jpg",768,1152,false],"large":["https:\/\/cromosomos.com\/lojavirtual\/wp-content\/uploads\/2020\/07\/04-IMG_6419-scaled.jpg",683,1024,false],"1536x1536":["https:\/\/cromosomos.com\/lojavirtual\/wp-content\/uploads\/2020\/07\/04-IMG_6419-scaled.jpg",1024,1536,false],"2048x2048":["https:\/\/cromosomos.com\/lojavirtual\/wp-content\/uploads\/2020\/07\/04-IMG_6419-scaled.jpg",1366,2048,false],"ocean-thumb-m":["https:\/\/cromosomos.com\/lojavirtual\/wp-content\/uploads\/2020\/07\/04-IMG_6419-scaled.jpg",400,600,false],"ocean-thumb-ml":["https:\/\/cromosomos.com\/lojavirtual\/wp-content\/uploads\/2020\/07\/04-IMG_6419-scaled.jpg",300,450,false],"ocean-thumb-l":["https:\/\/cromosomos.com\/lojavirtual\/wp-content\/uploads\/2020\/07\/04-IMG_6419-scaled.jpg",467,700,false],"woocommerce_thumbnail":["https:\/\/cromosomos.com\/lojavirtual\/wp-content\/uploads\/2020\/07\/04-IMG_6419-scaled-300x418.jpg",300,418,true],"woocommerce_single":["https:\/\/cromosomos.com\/lojavirtual\/wp-content\/uploads\/2020\/07\/04-IMG_6419-scaled-418x627.jpg",418,627,true],"woocommerce_gallery_thumbnail":["https:\/\/cromosomos.com\/lojavirtual\/wp-content\/uploads\/2020\/07\/04-IMG_6419-scaled-100x100.jpg",100,100,true]},"uagb_author_info":{"display_name":"Cromosomos","author_link":"https:\/\/cromosomos.com\/lojavirtual\/author\/"},"uagb_comment_info":0,"uagb_excerpt":"Cor: Branca Composi\u00e7\u00e3o: 70% algod\u00e3o 25% poli\u00e9ster 5% elastano Tamanho: largura 48 cm altura 36 cm profundidade 16 cm","_links":{"self":[{"href":"https:\/\/cromosomos.com\/lojavirtual\/wp-json\/wp\/v2\/product\/527","targetHints":{"allow":["GET"]}}],"collection":[{"href":"https:\/\/cromosomos.com\/lojavirtual\/wp-json\/wp\/v2\/product"}],"about":[{"href":"https:\/\/cromosomos.com\/lojavirtual\/wp-json\/wp\/v2\/types\/product"}],"version-history":[{"count":1,"href":"https:\/\/cromosomos.com\/lojavirtual\/wp-json\/wp\/v2\/product\/527\/revisions"}],"predecessor-version":[{"id":2056,"href":"https:\/\/cromosomos.com\/lojavirtual\/wp-json\/wp\/v2\/product\/527\/revisions\/2056"}],"wp:featuredmedia":[{"embeddable":true,"href":"https:\/\/cromosomos.com\/lojavirtual\/wp-json\/wp\/v2\/media\/2231"}],"wp:attachment":[{"href":"https:\/\/cromosomos.com\/lojavirtual\/wp-json\/wp\/v2\/media?parent=527"}],"wp:term":[{"taxonomy":"product_brand","embeddable":true,"href":"https:\/\/cromosomos.com\/lojavirtual\/wp-json\/wp\/v2\/product_brand?post=527"},{"taxonomy":"product_cat","embeddable":true,"href":"https:\/\/cromosomos.com\/lojavirtual\/wp-json\/wp\/v2\/product_cat?post=527"},{"taxonomy":"product_tag","embeddable":true,"href":"https:\/\/cromosomos.com\/lojavirtual\/wp-json\/wp\/v2\/product_tag?post=527"}],"curies":[{"name":"wp","href":"https:\/\/api.w.org\/{rel}","templated":true}]}}